{"id":3334,"date":"2024-03-22T11:17:27","date_gmt":"2024-03-22T10:17:27","guid":{"rendered":"https:\/\/berg.zsiraiandras.com\/termek\/berg-noble\/"},"modified":"2024-03-22T11:17:27","modified_gmt":"2024-03-22T10:17:27","slug":"berg-noble","status":"publish","type":"product","link":"https:\/\/demo.bergsystem.hu\/en\/product\/berg-noble\/","title":{"rendered":"Berg Noble"},"content":{"rendered":"<p>The Sch\u00fcco AWS 90.BS SI+ is a pioneering, high-performance block window system for the aluminium window industry. It is the perfect choice for our conscious customers who do not want to compromise and for whom both the best thermal insulation and the &#8220;slim&#8221; (narrow visible surface) and &#8220;plain&#8221; (flat surface) design of today&#8217;s modern architecture are important requirements. The Sch\u00fcco AWS 90.BS SI+ (BlockSystem Super insulation) with concealed sash, narrow visible fa\u00e7ade width (85 mm), no visible ventilation contours, with Sch\u00fcco AvanTec SimplySmart concealed comfort glazing system. The block window system can also be designed with large panoramic portals for passive house level, meeting the highest architectural requirements with maximum light transmission. <\/p>\n","protected":false},"excerpt":{"rendered":"<p>&#8220;Slim and Plain&#8221;<br \/>\nNo compromise solution<\/p>\n","protected":false},"featured_media":3205,"template":"","meta":[],"product_brand":[],"product_cat":[118,119],"product_tag":[],"class_list":{"0":"post-3334","1":"product","2":"type-product","3":"status-publish","4":"has-post-thumbnail","6":"product_cat-aluminium-en","7":"product_cat-aluminium-windows","9":"first","10":"instock","11":"shipping-taxable","12":"product-type-simple"},"_links":{"self":[{"href":"https:\/\/demo.bergsystem.hu\/en\/wp-json\/wp\/v2\/product\/3334","targetHints":{"allow":["GET"]}}],"collection":[{"href":"https:\/\/demo.bergsystem.hu\/en\/wp-json\/wp\/v2\/product"}],"about":[{"href":"https:\/\/demo.bergsystem.hu\/en\/wp-json\/wp\/v2\/types\/product"}],"wp:featuredmedia":[{"embeddable":true,"href":"https:\/\/demo.bergsystem.hu\/en\/wp-json\/wp\/v2\/media\/3205"}],"wp:attachment":[{"href":"https:\/\/demo.bergsystem.hu\/en\/wp-json\/wp\/v2\/media?parent=3334"}],"wp:term":[{"taxonomy":"product_brand","embeddable":true,"href":"https:\/\/demo.bergsystem.hu\/en\/wp-json\/wp\/v2\/product_brand?post=3334"},{"taxonomy":"product_cat","embeddable":true,"href":"https:\/\/demo.bergsystem.hu\/en\/wp-json\/wp\/v2\/product_cat?post=3334"},{"taxonomy":"product_tag","embeddable":true,"href":"https:\/\/demo.bergsystem.hu\/en\/wp-json\/wp\/v2\/product_tag?post=3334"}],"curies":[{"name":"wp","href":"https:\/\/api.w.org\/{rel}","templated":true}]}}