{"id":3819,"date":"2025-04-17T10:13:31","date_gmt":"2025-04-17T08:13:31","guid":{"rendered":"https:\/\/www.bergsystem.hu\/?page_id=3819"},"modified":"2026-04-15T15:03:19","modified_gmt":"2026-04-15T13:03:19","slug":"otthonfelujitasi-program","status":"publish","type":"page","link":"https:\/\/demo.bergsystem.hu\/en\/otthonfelujitasi-program\/","title":{"rendered":"Otthonfel\u00faj\u00edt\u00e1si Program \u2013 Ny\u00edl\u00e1sz\u00e1r\u00f3csere a Berg Systemmel"},"content":{"rendered":"","protected":false},"excerpt":{"rendered":"","protected":false},"author":2,"featured_media":0,"parent":0,"menu_order":0,"comment_status":"closed","ping_status":"closed","template":"page-templates\/page-otthonfelujitas.php","meta":{"footnotes":""},"class_list":["post-3819","page","type-page","status-publish","hentry"],"_links":{"self":[{"href":"https:\/\/demo.bergsystem.hu\/en\/wp-json\/wp\/v2\/pages\/3819","targetHints":{"allow":["GET"]}}],"collection":[{"href":"https:\/\/demo.bergsystem.hu\/en\/wp-json\/wp\/v2\/pages"}],"about":[{"href":"https:\/\/demo.bergsystem.hu\/en\/wp-json\/wp\/v2\/types\/page"}],"author":[{"embeddable":true,"href":"https:\/\/demo.bergsystem.hu\/en\/wp-json\/wp\/v2\/users\/2"}],"replies":[{"embeddable":true,"href":"https:\/\/demo.bergsystem.hu\/en\/wp-json\/wp\/v2\/comments?post=3819"}],"version-history":[{"count":0,"href":"https:\/\/demo.bergsystem.hu\/en\/wp-json\/wp\/v2\/pages\/3819\/revisions"}],"wp:attachment":[{"href":"https:\/\/demo.bergsystem.hu\/en\/wp-json\/wp\/v2\/media?parent=3819"}],"curies":[{"name":"wp","href":"https:\/\/api.w.org\/{rel}","templated":true}]}}