{"id":1641,"date":"2023-08-18T13:24:42","date_gmt":"2023-08-18T11:24:42","guid":{"rendered":"https:\/\/www.bergsystem.hu\/?page_id=1641"},"modified":"2024-03-22T09:28:57","modified_gmt":"2024-03-22T08:28:57","slug":"adatkezelesi-tajekoztato","status":"publish","type":"page","link":"https:\/\/demo.bergsystem.hu\/en\/adatkezelesi-tajekoztato\/","title":{"rendered":"Adatkezel\u00e9si t\u00e1j\u00e9koztat\u00f3"},"content":{"rendered":"\n<div class=\"wp-block-columns is-layout-flex wp-container-core-columns-is-layout-28f84493 wp-block-columns-is-layout-flex\">\n<div class=\"wp-block-column is-layout-flow wp-block-column-is-layout-flow\" style=\"flex-basis:25%\"><\/div>\n\n\n\n<div class=\"wp-block-column is-layout-flow wp-block-column-is-layout-flow\" style=\"flex-basis:50%\">\n<h3 class=\"wp-block-heading has-text-align-center\">Adatkezel\u00e9si t\u00e1j\u00e9koztat\u00f3<\/h3>\n\n\n\n<p><\/p>\n\n\n\n<p>\u00c1ltal\u00e1nos rendelkez\u00e9sek<\/p>\n\n\n\n<ol class=\"wp-block-list\">\n<li><\/li>\n<\/ol>\n\n\n\n<p>1.1. Adatkezel\u0151 megnevez\u00e9se:<\/p>\n\n\n\n<p>Teljes n\u00e9v: BERG SYSTEM Ny\u00edl\u00e1sz\u00e1r\u00f3 Gy\u00e1rt\u00f3 \u00e9s Kereskedelmi Korl\u00e1tolt Felel\u0151ss\u00e9g\u0171 T\u00e1rsas\u00e1g<br>R\u00f6vid\u00edtett megnevez\u00e9s: BERG SYSTEM Kft.<br>Sz\u00e9khely: 3300 Eger, Sas \u00fat 92.<br>C\u00e9gjegyz\u00e9ksz\u00e1m: 10-09-023722<br>Vezet\u00e9kes telefonsz\u00e1m: 06-36\/515-264<br>Mobilsz\u00e1m: 06-30\/995-2360<br>E-mail c\u00edm: Ez az e-mail c\u00edm a spamrobotok elleni v\u00e9delem alatt \u00e1ll. Megtekint\u00e9s\u00e9hez enged\u00e9lyeznie kell a JavaScript haszn\u00e1lat\u00e1t.&#8221;&gt;stefan@bergsystem.hu<br>Weblap: www.bergsystem.hu<br>\u00dcgyvezet\u0151 neve: Stef\u00e1n Istv\u00e1n<br>\u00dcgyvezet\u0151 el\u00e9rhet\u0151s\u00e9ge: stefan@bergsystem.hu<\/p>\n\n\n\n<p>A BERG-SYSTEM Kft. (tov\u00e1bbiakban T\u00e1rsas\u00e1g) k\u00f6telezetts\u00e9get v\u00e1llal arra, hogy a tev\u00e9kenys\u00e9g\u00e9vel kapcsolatos minden adatkezel\u00e9s megfelel a T\u00e1rsas\u00e1g Adatkezel\u00e9si Szab\u00e1lyzat\u00e1ban \u00e9s a hat\u00e1lyos jogszab\u00e1lyokban meghat\u00e1rozott szab\u00e1lyoknak. Az Adatkezel\u00e9si T\u00e1j\u00e9koztat\u00f3 el\u00e9rhet\u0151 a www.bergsystem.hu honlapon vagy megtekinthet\u0151 a T\u00e1rsas\u00e1g irod\u00e1j\u00e1ban a t\u00e1rsas\u00e1g Adatv\u00e9delmi Szab\u00e1lyzat\u00e1val egy\u00fctt.<br>1.2. A BERG-SYSTEM Kft, az \u00fcgyfelek szem\u00e9lyes adatait a v\u00e1llalkoz\u00f3i tev\u00e9kenys\u00e9g v\u00e9gz\u00e9s\u00e9vel \u00f6sszef\u00fcgg\u00e9sben, a szerz\u0151d\u00e9sek l\u00e9trehoz\u00e1s\u00e1hoz, teljes\u00edt\u00e9s\u00e9hez, \u00e9s a szerz\u0151d\u00e9sekb\u0151l ered\u0151 ig\u00e9nyek \u00e9rv\u00e9nyes\u00edt\u00e9s\u00e9hez sz\u00fcks\u00e9ges k\u00f6rben \u00e9s ideig kezeli, ill. tov\u00e1bb\u00edtja az adott szolg\u00e1ltat\u00e1s teljes\u00edt\u00e9s\u00e9hez sz\u00fcks\u00e9ges m\u00e9rt\u00e9kben.<br>1.3. A BERG SYSTEM Kft. elk\u00f6telezett \u00fcgyfelei \u00e9s partnerei szem\u00e9lyes adatainak v\u00e9delm\u00e9ben, kiemelten fontosnak tarja inform\u00e1ci\u00f3s \u00f6nrendelkez\u00e9si joguk tiszteletben tart\u00e1s\u00e1t. A T\u00e1rsas\u00e1g a szem\u00e9lyes adatokat bizalmasan kezeli, \u00e9s megtesz minden olyan biztons\u00e1gi, technikai \u00e9s szervez\u00e9si int\u00e9zked\u00e9st, mely az adatok biztons\u00e1g\u00e1t garant\u00e1lja.<br>1.4. A BERG-SYSTEM Kft. az al\u00e1bbiakban ismerteti adatkezel\u00e9si elveit, bemutatja azokat az elv\u00e1r\u00e1sokat, melyeket saj\u00e1t mag\u00e1val, mint adatkezel\u0151vel szemben megfogalmazott \u00e9s betart. Adatkezel\u00e9si alapelvei \u00f6sszhangban vannak az adatv\u00e9delemmel kapcsolatos hat\u00e1lyos jogszab\u00e1lyokkal.<\/p>\n\n\n\n<ol class=\"wp-block-list\" start=\"2\">\n<li>A szem\u00e9lyes adatok k\u00f6re, az adatkezel\u00e9s c\u00e9lja, jogc\u00edme \u00e9s id\u0151tartama<\/li>\n<\/ol>\n\n\n\n<p>2.1. Honlap l\u00e1togat\u00e1s, a www.bergsystem.hu honlap adatai:<\/p>\n\n\n\n<p>Az adatgy\u0171jt\u00e9s c\u00e9lja: A weboldal haszn\u00e1lhat\u00f3s\u00e1g\u00e1nak el\u0151seg\u00edt\u00e9se, hogy megk\u00f6nny\u00edtse az azon val\u00f3 t\u00e1j\u00e9koz\u00f3d\u00e1st \u00e9s lehet\u0151v\u00e9 tegye a weboldal haszn\u00e1lat\u00e1nak elemz\u00e9s\u00e9t.<br>Az \u00e9rintettek k\u00f6re: www.bergsystem.hu weboldal l\u00e1togat\u00f3i.<br>Az adatkezel\u00e9s jogalapja: az \u00e9rintett hozz\u00e1j\u00e1rul\u00e1sa, illetve az Eker tv. 13\/A. \u00a7 (3) bekezd\u00e9se.<br>A kezelt adatok k\u00f6re: azonos\u00edt\u00f3sz\u00e1m mell\u00e9 rendelt honlap l\u00e1togat\u00e1s id\u0151pontja \u00e9s id\u0151tartama, n\u00e9v, e-mail-c\u00edm.<br>Az adatkezel\u00e9s id\u0151tartama: az \u00e9rintetti hozz\u00e1j\u00e1rul\u00e1s visszavon\u00e1s\u00e1ig<br>Az adatok megismer\u00e9s\u00e9re jogosult adatkezel\u0151 szem\u00e9lyek: a BERG-SYSTEM Kft. \u00fcgyvezet\u0151je.<br>T\u00e1j\u00e9koztatjuk \u00fcgyfeleinket, hogy a szem\u00e9lyes adataik kezel\u00e9s\u00e9hez adott hozz\u00e1j\u00e1rul\u00e1sukat b\u00e1rmikor visszavonhatj\u00e1k.<\/p>\n\n\n\n<p>Anonim l\u00e1togat\u00f3azonos\u00edt\u00f3 (s\u00fcti) elhelyez\u00e9se, a www.bergsystem.hu oldalon haszn\u00e1lt s\u00fctik:<br>Sz\u00fcks\u00e9ges s\u00fctik<\/p>\n\n\n\n<ul class=\"wp-block-list\">\n<li>Alapvet\u0151en ahhoz sz\u00fcks\u00e9gesek, hogy az oldal j\u00f3l m\u0171k\u00f6dj\u00f6n, lehet\u0151v\u00e9 teszik a felhaszn\u00e1l\u00f3nak, hogy mozogjon a weblapon \u00e9s haszn\u00e1lja a k\u00fcl\u00f6nb\u00f6z\u0151 funkci\u00f3kat.<br>Elemz\u00e9sre haszn\u00e1lt s\u00fctik<\/li>\n\n\n\n<li>Az analitikai s\u00fctik seg\u00edts\u00e9g\u00e9vel kapunk inform\u00e1ci\u00f3t arr\u00f3l, hogy a l\u00e1togat\u00f3k mennyi id\u0151t t\u00f6ltenek az oldalon, hogyan haszn\u00e1ljak annak egyes funkci\u00f3it, \u00e9s b\u00e1rmely probl\u00e9m\u00e1r\u00f3l, amivel tal\u00e1lkoztak, mint p\u00e9ld\u00e1ul a hiba\u00fczenetek.<\/li>\n<\/ul>\n\n\n\n<p>2.2. V\u00e1llalkoz\u00f3i tev\u00e9kenys\u00e9g<\/p>\n\n\n\n<p>Az adatgy\u0171jt\u00e9s c\u00e9lja: a BERG-SYSTEM Kft., \u00e1ltal ny\u00fajtott szolg\u00e1ltat\u00e1sok ig\u00e9nybev\u00e9tele, a szerz\u0151d\u00e9sek megk\u00f6t\u00e9se, sz\u00e1ml\u00e1z\u00e1s.<br>Az \u00e9rintettek k\u00f6re: a BERG-SYSTEM Kft. \u00fcgyfelei<br>Az adatok megismer\u00e9s\u00e9re jogosult adatkezel\u0151 szem\u00e9lyek: a BERG-SYSTEM Kft. \u00fcgyvezet\u0151je, munkav\u00e1llal\u00f3i, partnerei.<br>Az adatkezel\u00e9s jogalapja: szerz\u0151d\u00e9s teljes\u00edt\u00e9se (n\u00e9v, lakc\u00edm,), jogos \u00e9rdek (telefonsz\u00e1m, e-mail c\u00edm)<br>A kezelt adatok k\u00f6re: n\u00e9v, lakc\u00edm, e-mail c\u00edm, telefonsz\u00e1m.<br>Az adatkezel\u00e9s id\u0151tartama: a v\u00e1llalkoz\u00e1si szerz\u0151d\u00e9s teljes\u00edt\u00e9s\u00e9vel kapcsolatos adatok a v\u00e1llalkoz\u00e1si szerz\u0151d\u00e9s teljes\u00fcl\u00e9s\u00e9t k\u00f6vet\u0151 5 \u00e9v + 30 nap, az \u00e9rt\u00e9kes\u00edt\u00e9s sor\u00e1n keletkez\u0151 sz\u00e1mviteli bizonylatok eset\u00e9ben a Sz\u00e1mv. tv. 169. \u00a7-\u00e1nak megfelel\u0151en 8 \u00e9v, a kapcsolattart\u00e1s c\u00e9lj\u00e1b\u00f3l kezelt telefonsz\u00e1m \u00e9s e-mail c\u00edm a v\u00e1llalkoz\u00e1si szerz\u0151d\u00e9s teljes\u00fcl\u00e9s\u00e9ig.<\/p>\n\n\n\n<p>2.3. Elektronikus h\u00edrlev\u00e9l<\/p>\n\n\n\n<p>Az adatgy\u0171jt\u00e9s c\u00e9lja: az \u00e9rdekl\u0151d\u0151k r\u00e9sz\u00e9re t\u00e1j\u00e9koztat\u00e1s k\u00fcld\u00e9se az aktu\u00e1lis aj\u00e1nlatokr\u00f3l.<br>Az \u00e9rintettek k\u00f6re: h\u00edrlev\u00e9lre feliratkoz\u00f3 szem\u00e9lyek<br>Az adatkezel\u00e9s jogalapja: az \u00e9rintett hozz\u00e1j\u00e1rul\u00e1sa.<br>A kezelt adatok k\u00f6re: n\u00e9v, e-mail c\u00edm<br>Az adatok megismer\u00e9s\u00e9re jogosult adatkezel\u0151 szem\u00e9lyek: a BERG-SYSTEM Kft. \u00fcgyvezet\u0151je, munkav\u00e1llal\u00f3i.<br>Az adatkezel\u00e9s id\u0151tartama: hozz\u00e1j\u00e1rul\u00e1s visszavon\u00e1s\u00e1ig.<br>T\u00e1j\u00e9koztatjuk \u00fcgyfeleinket, hogy a szem\u00e9lyes adataik kezel\u00e9s\u00e9hez adott hozz\u00e1j\u00e1rul\u00e1sukat b\u00e1rmikor visszavonhatj\u00e1k. Az elektronikus h\u00edrlev\u00e9lr\u0151l leiratkozni a www.bergsystem.hu weboldalon lehet.<\/p>\n\n\n\n<p>2.4. Foglalkoztat\u00e1s<\/p>\n\n\n\n<p>Az adatgy\u0171jt\u00e9s c\u00e9lja: a BERG-SYSTEM Kft. \u00e9s munkav\u00e1llal\u00f3ja k\u00f6z\u00f6tt munkaszerz\u0151d\u00e9s megk\u00f6t\u00e9se<br>Az \u00e9rintettek k\u00f6re: a BERG-SYSTEM Kft. munkav\u00e1llal\u00f3i<br>Az adatok megismer\u00e9s\u00e9re jogosult adatkezel\u0151 szem\u00e9lyek: a BERG-SYSTEM Kft. \u00fcgyvezet\u0151je<br>Az kezelt adatok k\u00f6re \u00e9s az adatkezel\u00e9s jogalapja: szerz\u0151d\u00e9s teljes\u00edt\u00e9se (csal\u00e1di \u00e9s ut\u00f3n\u00e9v, anyja neve, sz\u00fclet\u00e9si hely, sz\u00fclet\u00e9si id\u0151, lakc\u00edm, ad\u00f3azonos\u00edt\u00f3 jel, TAJ sz\u00e1m, banksz\u00e1mlasz\u00e1m, testm\u00e9retek munkaruh\u00e1zathoz), jogos \u00e9rdek (telefonsz\u00e1m)<br>Az adatkezel\u00e9s id\u0151tartama: a munkaszerz\u0151d\u00e9s megsz\u0171n\u00e9s\u00e9t k\u00f6vet\u0151 5 \u00e9v + 30 nap, a kapcsolattart\u00e1s c\u00e9lj\u00e1b\u00f3l kezelt telefonsz\u00e1m az munkaszerz\u0151d\u00e9s megsz\u0171n\u00e9s\u00e9ig.<\/p>\n\n\n\n<ol class=\"wp-block-list\" start=\"3\">\n<li>\u00c9rintetti jogok<\/li>\n<\/ol>\n\n\n\n<p>3.1. Az \u00fcgyf\u00e9l hozz\u00e1f\u00e9r\u00e9si joga<\/p>\n\n\n\n<p>Az \u00fcgyf\u00e9l azon joga, hogy visszajelz\u00e9st kapjon arr\u00f3l, hogy a T\u00e1rsas\u00e1g kezeli-e (vagy sem) a szem\u00e9lyes adatait,<br>(a) a r\u00e1 vonatkoz\u00f3 szem\u00e9lyes adatokra terjed ki;<br>(b) nem terjed ki az anonim adatokra;<br>(c) nem terjed ki a nem r\u00e1 vonatkoz\u00f3 szem\u00e9lyes adatokra; \u00e9s<br>(d) mag\u00e1ban foglalja az egy\u00e9rtelm\u0171en az \u00fcgyf\u00e9lhez kapcsolhat\u00f3 \u00e1lneves\u00edtett adatokat.<\/p>\n\n\n\n<p>3.2. Az \u00fcgyf\u00e9l helyesb\u00edt\u00e9shez val\u00f3 joga<\/p>\n\n\n\n<p>Az \u00fcgyf\u00e9l jogosult a szem\u00e9lyes adatai helyesb\u00edt\u00e9s\u00e9re. E joga<br>(a) nem terjed ki az anonim adatokra;<br>(b) a r\u00e1 vonatkoz\u00f3 szem\u00e9lyes adatokra terjed ki;<br>(c) nem terjed ki a nem r\u00e1 vonatkoz\u00f3 szem\u00e9lyes adatokra; \u00e9s<br>(d) mag\u00e1ban foglalja az egy\u00e9rtelm\u0171en az \u00fcgyf\u00e9lhez kapcsolhat\u00f3 \u00e1lneves\u00edtett adatokat.<\/p>\n\n\n\n<p>3.3. Az \u00fcgyf\u00e9l t\u00f6rl\u00e9shez val\u00f3 joga<\/p>\n\n\n\n<p>Bizonyos felt\u00e9telek eset\u00e9n az \u00fcgyf\u00e9l jogosul a szem\u00e9lyes adatai t\u00f6rl\u00e9s\u00e9re.<br>A T\u00e1rsas\u00e1g indokolatlan k\u00e9sedelem n\u00e9lk\u00fcl k\u00f6teles t\u00f6r\u00f6lni az \u00fcgyf\u00e9l szem\u00e9lyes adatait, amennyiben<br>(a) a T\u00e1rsas\u00e1g kezeli e szem\u00e9lyes adatokat, \u00e9s<br>(b) az \u00fcgyf\u00e9l a szem\u00e9lyes adatai t\u00f6rl\u00e9s\u00e9t k\u00e9ri, \u00e9s<br>(c) a szem\u00e9lyes adatok nem sz\u00fcks\u00e9gesek azon c\u00e9lokra, amelyekre a T\u00e1rsas\u00e1g a szem\u00e9lyes adatokat kezeli.<br>A T\u00e1rsas\u00e1g indokolatlan k\u00e9sedelem n\u00e9lk\u00fcl k\u00f6teles t\u00f6r\u00f6lni az \u00fcgyf\u00e9l szem\u00e9lyes adatait, ha<br>(d) a T\u00e1rsas\u00e1g kezeli az \u00fcgyf\u00e9l szem\u00e9lyes adatait, \u00e9s<br>(e) az \u00fcgyf\u00e9l a szem\u00e9lyes adatai t\u00f6rl\u00e9s\u00e9t k\u00e9ri, \u00e9s<br>(f) az \u00fcgyf\u00e9l visszavonja a hozz\u00e1j\u00e1rul\u00e1s\u00e1t, amin az adatainak kezel\u00e9se alapul, \u00e9s<br>(g) nincs m\u00e1s jogalap az \u00fcgyf\u00e9l adatainak tov\u00e1bbi kezel\u00e9s\u00e9re.<br>A T\u00e1rsas\u00e1g indokolatlan k\u00e9sedelem n\u00e9lk\u00fcl k\u00f6teles t\u00f6r\u00f6lni az \u00fcgyf\u00e9l szem\u00e9lyes adatait, ha<br>(h) az adatkezel\u00e9s a T\u00e1rsas\u00e1g jogos \u00e9rdekeinek \u00e9rv\u00e9nyes\u00edt\u00e9s\u00e9hez sz\u00fcks\u00e9ges, \u00e9s<br>(i) az \u00fcgyf\u00e9l tiltakozik az ellen, hogy a T\u00e1rsas\u00e1g kezeli a szem\u00e9lyes adatait, \u00e9s<br>(j) az ilyen szem\u00e9lyes adatok kezel\u00e9s\u00e9t megalapoz\u00f3 jogszer\u0171 ok nem \u00e9lvez els\u0151bbs\u00e9get a \u00fcgyf\u00e9l tiltakoz\u00e1s\u00e1val szemben.<br>Amennyiben vannak, a T\u00e1rsas\u00e1g az \u00fcgyf\u00e9l szem\u00e9lyes adatainak t\u00f6rl\u00e9s\u00e9r\u0151l t\u00e1j\u00e9koztatja az ilyen szem\u00e9lyes adatok c\u00edmzettjeit.<\/p>\n\n\n\n<p>3.4. Az \u00fcgyf\u00e9l joga az adatkezel\u00e9s korl\u00e1toz\u00e1s\u00e1hoz<\/p>\n\n\n\n<p>Az \u00fcgyf\u00e9l k\u00e9rheti a szem\u00e9lyes adatai kezel\u00e9s\u00e9nek korl\u00e1toz\u00e1s\u00e1t.<br>Az \u00fcgyf\u00e9l joga a szem\u00e9lyes adatai kezel\u00e9se korl\u00e1toz\u00e1s\u00e1nak k\u00e9r\u00e9s\u00e9re<br>(a) nem terjed ki az anonim adatokra;<br>(b) a r\u00e1 vonatkoz\u00f3 szem\u00e9lyes adatokra terjed ki;<br>(c) nem terjed ki a nem r\u00e1 vonatkoz\u00f3 szem\u00e9lyes adatokra; \u00e9s<br>(d) mag\u00e1ban foglalja az egy\u00e9rtelm\u0171en az \u00fcgyf\u00e9lhez kapcsolhat\u00f3 \u00e1lneves\u00edtett adatokat.<br>A T\u00e1rsas\u00e1g korl\u00e1tozza az \u00fcgyf\u00e9l szem\u00e9lyes adatainak kezel\u00e9s\u00e9t arra az id\u0151szakra, amely alatt ellen\u0151rzi az ilyen adatok pontoss\u00e1g\u00e1t, ha az \u00fcgyf\u00e9l a szem\u00e9lyes adatai kezel\u00e9s\u00e9nek korl\u00e1toz\u00e1s\u00e1t k\u00e9ri \u00e9s az \u00fcgyf\u00e9l vitatja az ilyen adatok pontoss\u00e1g\u00e1t.<br>A T\u00e1rsas\u00e1g korl\u00e1tozza az \u00fcgyf\u00e9l szem\u00e9lyes adatainak kezel\u00e9s\u00e9t, ha az \u00fcgyf\u00e9l olyan adatok kezel\u00e9s\u00e9nek korl\u00e1toz\u00e1s\u00e1t k\u00e9ri, amelyek kezel\u00e9se jogellenes, \u00e9s az \u00fcgyf\u00e9l ellenzi az ilyen adatok t\u00f6rl\u00e9s\u00e9t.<br>A T\u00e1rsas\u00e1g korl\u00e1tozza az \u00fcgyf\u00e9l szem\u00e9lyes adatainak kezel\u00e9s\u00e9t, ha<br>(a) az \u00fcgyf\u00e9l a szem\u00e9lyes adatai kezel\u00e9s\u00e9nek korl\u00e1toz\u00e1s\u00e1t k\u00e9ri, \u00e9s<br>(b) a T\u00e1rsas\u00e1gnak m\u00e1r nincs sz\u00fcks\u00e9ge ezekre az adatokra az adatkezel\u00e9se c\u00e9lj\u00e1b\u00f3l, \u00e9s<br>(c) az \u00fcgyf\u00e9l az adatait jogi ig\u00e9ny el\u0151terjeszt\u00e9s\u00e9hez, \u00e9rv\u00e9nyes\u00edt\u00e9s\u00e9hez vagy v\u00e9delm\u00e9hez ig\u00e9nyli.<br>A T\u00e1rsas\u00e1g korl\u00e1tozza az \u00fcgyf\u00e9l szem\u00e9lyes adatainak kezel\u00e9s\u00e9t, ha<br>(a) az \u00fcgyf\u00e9l tiltakozik az olyan szem\u00e9lyes adatai kezel\u00e9se ellen, amik sz\u00fcks\u00e9gesek a T\u00e1rsas\u00e1g jogos \u00e9rdekei c\u00e9lj\u00e1b\u00f3l, \u00e9s<br>(b) az \u00fcgyf\u00e9l annak visszaigazol\u00e1s\u00e1ra v\u00e1r, hogy az \u00fcgyf\u00e9l szem\u00e9lyes adatainak a T\u00e1rsas\u00e1g \u00e1ltali kezel\u00e9s\u00e9re van jogszer\u0171 ok, amely nem \u00e9lvez els\u0151bbs\u00e9get az \u00fcgyf\u00e9l tiltakoz\u00e1s\u00e1val szemben.<br>A T\u00e1rsas\u00e1g az \u00fcgyf\u00e9l szem\u00e9lyes adatai kezel\u00e9s\u00e9nek korl\u00e1toz\u00e1s\u00e1r\u00f3l t\u00e1j\u00e9koztatja az ilyen szem\u00e9lyes adatok c\u00edmzettjeit (ha vannak ilyenek). A T\u00e1rsas\u00e1g azonban nem t\u00e1j\u00e9koztatja a c\u00edmzetteket az ilyen korl\u00e1toz\u00e1sr\u00f3l, ha a c\u00edmzettek t\u00e1j\u00e9koztat\u00e1sa lehetetlen vagy ar\u00e1nytalanul nagy er\u0151fesz\u00edt\u00e9st ig\u00e9nyelne.<br>Ha a T\u00e1rsas\u00e1g korl\u00e1tozza az \u00fcgyf\u00e9l szem\u00e9lyes adatainak kezel\u00e9s\u00e9t, akkor<br>(a) t\u00e1rolhatja az ilyen szem\u00e9lyes adatokat,<br>(b) az \u00fcgyf\u00e9l hozz\u00e1j\u00e1rul\u00e1sa alapj\u00e1n kezelheti az ilyen szem\u00e9lyes adatokat,<br>(c) kezelheti a szem\u00e9lyes adatokat jogi ig\u00e9ny\u00e9nek el\u0151terjeszt\u00e9s\u00e9hez, \u00e9rv\u00e9nyes\u00edt\u00e9s\u00e9hez vagy v\u00e9delm\u00e9hez vagy valamely szem\u00e9ly jogainak megv\u00e9d\u00e9s\u00e9hez.<br>A T\u00e1rsas\u00e1g nem haszn\u00e1lhat fel \u00fcgyf\u00e9l adatokat k\u00f6zvetlen \u00fczletszerz\u00e9s c\u00e9lj\u00e1ra, bele\u00e9rtve a profilalkot\u00e1st vagy az automatiz\u00e1lt d\u00f6nt\u00e9shozatalt egyedi \u00fcgyekben.<\/p>\n\n\n\n<p>3.5. Az \u00fcgyf\u00e9l adathordozhat\u00f3s\u00e1ghoz val\u00f3 joga<\/p>\n\n\n\n<p>Az \u00fcgyf\u00e9l jogosult arra, hogy a r\u00e1 vonatkoz\u00f3, \u00e1ltala egy adatkezel\u0151 rendelkez\u00e9s\u00e9re bocs\u00e1tott szem\u00e9lyes adatokat tagolt, sz\u00e9les k\u00f6rben haszn\u00e1lt, g\u00e9ppel olvashat\u00f3 form\u00e1tumban megkapja, tov\u00e1bb\u00e1 jogosult arra, hogy ezeket az adatokat egy m\u00e1sik adatkezel\u0151nek tov\u00e1bb\u00edts\u00e1k an\u00e9lk\u00fcl, hogy ez akad\u00e1lyozn\u00e1 azt az adatkezel\u0151t, amelynek a szem\u00e9lyes adatokat a rendelkez\u00e9s\u00e9re bocs\u00e1totta, ha az adatkezel\u00e9s hozz\u00e1j\u00e1rul\u00e1son alapul vagy szerz\u0151d\u00e9s teljes\u00edt\u00e9s\u00e9hez sz\u00fcks\u00e9ges \u00e9s az adatkezel\u00e9s automatiz\u00e1lt m\u00f3don t\u00f6rt\u00e9nik.<\/p>\n\n\n\n<ol class=\"wp-block-list\" start=\"4\">\n<li>Adattov\u00e1bb\u00edt\u00e1s harmadik f\u00e9l r\u00e9sz\u00e9re<\/li>\n<\/ol>\n\n\n\n<p>Bizonyos esetekben a T\u00e1rsas\u00e1g jogszab\u00e1lyi el\u0151\u00edr\u00e1s alapj\u00e1n k\u00f6teles adatszolg\u00e1ltat\u00e1st teljes\u00edteni hat\u00f3s\u00e1gok fel\u00e9, amely sor\u00e1n el\u0151fordulhat, hogy szem\u00e9lyes adat is tov\u00e1bb\u00edt\u00e1sra ker\u00fcl.<br>A T\u00e1rsas\u00e1g tev\u00e9kenys\u00e9ge sor\u00e1n harmadik f\u00e9l szolg\u00e1ltat\u00e1sait veszi ig\u00e9nybe, mely sor\u00e1n a szerz\u0151d\u0151 partner a t\u00e1rsas\u00e1g utas\u00edt\u00e1sai alapj\u00e1n adatkezel\u00e9st v\u00e9gez, ez\u00e9rt a T\u00e1rsas\u00e1g adatfeldolgoz\u00f3j\u00e1nak min\u0151s\u00fcl. Az adattov\u00e1bb\u00edt\u00e1s c\u00edmzettjeinek kateg\u00f3ri\u00e1i: k\u00f6nyvel\u0151, honlap \u00fczemeltet\u0151je, \u00fczemorvos, sz\u00e1ml\u00e1z\u00f3 program \u00fczemeltet\u0151je.<\/p>\n\n\n\n<ol class=\"wp-block-list\" start=\"5\">\n<li>Panasz beny\u00fajt\u00e1s\u00e1hoz val\u00f3 jog<\/li>\n<\/ol>\n\n\n\n<p>Ha az \u00fcgyf\u00e9l \u00fagy v\u00e9li, hogy a jogait megs\u00e9rtett\u00e9k, a T\u00e1rsas\u00e1g azt javasolja, hogy egyeztet\u00e9s c\u00e9lj\u00e1b\u00f3l az \u00fcgyf\u00e9l vegye fel a kapcsolatot a fent megjel\u00f6lt kapcsolattart\u00f3 szem\u00e9llyel. Ha az ilyen egyeztet\u00e9s nem vezet eredm\u00e9nyre vagy ha az \u00e9rintett szem\u00e9ly nem k\u00edv\u00e1n egyeztetni, a b\u00edr\u00f3s\u00e1ghoz vagy a NAIH-hoz fordulhat. B\u00edr\u00f3s\u00e1gi elj\u00e1r\u00e1s kezdem\u00e9nyez\u00e9se eset\u00e9n az \u00e9rintett d\u00f6nthet \u00fagy, hogy az elj\u00e1r\u00e1st a lakc\u00edme vagy lak\u00f3helye szerint illet\u00e9kes t\u00f6rv\u00e9nysz\u00e9k el\u0151tt ind\u00edtja meg.<br>A NAIH kapcsolati adatai a k\u00f6vetkez\u0151k: 1125 Budapest, Szil\u00e1gyi Erzs\u00e9bet fasor 22\/C.; telefon: +36 1 391 1400; fax: +36 1 391 1410; e-mail: ugyfelszolgalat@naih.hu; weboldal: www.naih.hu.<\/p>\n\n\n\n<ol class=\"wp-block-list\" start=\"6\">\n<li>Egy\u00e9b inform\u00e1ci\u00f3k<\/li>\n<\/ol>\n\n\n\n<p>A T\u00e1rsas\u00e1g a szem\u00e9lyes adatokat automatiz\u00e1lt d\u00f6nt\u00e9s keret\u00e9ben nem kezeli, profilalkot\u00e1st nem v\u00e9gez, szem\u00e9lyes adatot harmadik orsz\u00e1gba nem tov\u00e1bb\u00edt. Az \u00e9rintett a szem\u00e9lyes adatait nem k\u00f6teles megadni, de az adatszolg\u00e1ltat\u00e1s elmarad\u00e1sa eset\u00e9n a T\u00e1rsas\u00e1g szolg\u00e1ltat\u00e1s\u00e1t nem tudja ig\u00e9nybe venni.<br>Jelen adatkezel\u00e9si t\u00e1j\u00e9koztat\u00f3 2018. m\u00e1jus 25. napj\u00e1t\u00f3l visszavon\u00e1sig hat\u00e1lyos. A T\u00e1j\u00e9koztat\u00f3t a T\u00e1rsas\u00e1g b\u00e1rmikor m\u00f3dos\u00edthatja. A T\u00e1j\u00e9koztat\u00f3 m\u00f3dosul\u00e1s\u00e1r\u00f3l a www.bergsystem.hu weboldalon, a m\u00f3dos\u00edt\u00e1s hat\u00e1lybal\u00e9p\u00e9s\u00e9t legal\u00e1bb 15 nappal megel\u0151z\u0151en k\u00f6zz\u00e9tett t\u00e1j\u00e9koztat\u00f3val \u00e9rtes\u00edtj\u00fck<\/p>\n<\/div>\n\n\n\n<div class=\"wp-block-column is-layout-flow wp-block-column-is-layout-flow\" style=\"flex-basis:25%\"><\/div>\n<\/div>\n","protected":false},"excerpt":{"rendered":"<p>Adatkezel\u00e9si t\u00e1j\u00e9koztat\u00f3 \u00c1ltal\u00e1nos rendelkez\u00e9sek 1.1. Adatkezel\u0151 megnevez\u00e9se: Teljes n\u00e9v: BERG SYSTEM Ny\u00edl\u00e1sz\u00e1r\u00f3 Gy\u00e1rt\u00f3 \u00e9s Kereskedelmi Korl\u00e1tolt Felel\u0151ss\u00e9g\u0171 T\u00e1rsas\u00e1gR\u00f6vid\u00edtett megnevez\u00e9s: BERG [&hellip;]<\/p>\n","protected":false},"author":1,"featured_media":0,"parent":0,"menu_order":50,"comment_status":"closed","ping_status":"closed","template":"","meta":{"footnotes":""},"class_list":["post-1641","page","type-page","status-publish","hentry"],"_links":{"self":[{"href":"https:\/\/demo.bergsystem.hu\/en\/wp-json\/wp\/v2\/pages\/1641","targetHints":{"allow":["GET"]}}],"collection":[{"href":"https:\/\/demo.bergsystem.hu\/en\/wp-json\/wp\/v2\/pages"}],"about":[{"href":"https:\/\/demo.bergsystem.hu\/en\/wp-json\/wp\/v2\/types\/page"}],"author":[{"embeddable":true,"href":"https:\/\/demo.bergsystem.hu\/en\/wp-json\/wp\/v2\/users\/1"}],"replies":[{"embeddable":true,"href":"https:\/\/demo.bergsystem.hu\/en\/wp-json\/wp\/v2\/comments?post=1641"}],"version-history":[{"count":0,"href":"https:\/\/demo.bergsystem.hu\/en\/wp-json\/wp\/v2\/pages\/1641\/revisions"}],"wp:attachment":[{"href":"https:\/\/demo.bergsystem.hu\/en\/wp-json\/wp\/v2\/media?parent=1641"}],"curies":[{"name":"wp","href":"https:\/\/api.w.org\/{rel}","templated":true}]}}